{"id":161,"date":"2017-03-22T19:03:43","date_gmt":"2017-03-22T18:03:43","guid":{"rendered":"https:\/\/alvest.fr\/?page_id=161\/"},"modified":"2017-03-29T17:08:31","modified_gmt":"2017-03-29T15:08:31","slug":"home","status":"publish","type":"page","link":"https:\/\/alvest.preproduction.link\/fr\/","title":{"rendered":"Accueil"},"content":{"rendered":"","protected":false},"excerpt":{"rendered":"","protected":false},"author":1,"featured_media":0,"parent":0,"menu_order":0,"comment_status":"closed","ping_status":"closed","template":"","meta":{"_acf_changed":false,"footnotes":""},"class_list":["post-161","page","type-page","status-publish","hentry"],"acf":[],"yoast_head":"<!-- This site is optimized with the Yoast SEO plugin v27.3 - https:\/\/yoast.com\/product\/yoast-seo-wordpress\/ -->\n<title>Accueil - Alvest<\/title>\n<meta name=\"description\" content=\"Des produits et des services de qualit\u00e9 sup\u00e9rieure pour l&#039;industrie a\u00e9ronautique et le milieu des \u00e9quipements a\u00e9roportuaires d&#039;assistance au sol.\" \/>\n<meta name=\"robots\" content=\"noindex, follow, max-snippet:-1, max-image-preview:large, max-video-preview:-1\" \/>\n<meta property=\"og:locale\" content=\"fr_FR\" \/>\n<meta property=\"og:type\" content=\"article\" \/>\n<meta property=\"og:title\" content=\"Accueil - Alvest\" \/>\n<meta property=\"og:description\" content=\"Des produits et des services de qualit\u00e9 sup\u00e9rieure pour l&#039;industrie a\u00e9ronautique et le milieu des \u00e9quipements a\u00e9roportuaires d&#039;assistance au sol.\" \/>\n<meta property=\"og:url\" content=\"https:\/\/alvest.preproduction.link\/\" \/>\n<meta property=\"og:site_name\" content=\"Alvest\" \/>\n<meta property=\"article:modified_time\" content=\"2017-03-29T15:08:31+00:00\" \/>\n<meta name=\"twitter:card\" content=\"summary_large_image\" \/>\n<script type=\"application\/ld+json\" class=\"yoast-schema-graph\">{\"@context\":\"https:\\\/\\\/schema.org\",\"@graph\":[{\"@type\":\"WebPage\",\"@id\":\"https:\\\/\\\/alvest.preproduction.link\\\/\",\"url\":\"https:\\\/\\\/alvest.preproduction.link\\\/\",\"name\":\"Accueil - Alvest\",\"isPartOf\":{\"@id\":\"https:\\\/\\\/alvest.preproduction.link\\\/#website\"},\"datePublished\":\"2017-03-22T18:03:43+00:00\",\"dateModified\":\"2017-03-29T15:08:31+00:00\",\"description\":\"Des produits et des services de qualit\u00e9 sup\u00e9rieure pour l'industrie a\u00e9ronautique et le milieu des \u00e9quipements a\u00e9roportuaires d'assistance au sol.\",\"breadcrumb\":{\"@id\":\"https:\\\/\\\/alvest.preproduction.link\\\/#breadcrumb\"},\"inLanguage\":\"fr-FR\",\"potentialAction\":[{\"@type\":\"ReadAction\",\"target\":[\"https:\\\/\\\/alvest.preproduction.link\\\/\"]}]},{\"@type\":\"BreadcrumbList\",\"@id\":\"https:\\\/\\\/alvest.preproduction.link\\\/#breadcrumb\",\"itemListElement\":[{\"@type\":\"ListItem\",\"position\":1,\"name\":\"Home\",\"item\":\"https:\\\/\\\/alvest.preproduction.link\\\/\"},{\"@type\":\"ListItem\",\"position\":2,\"name\":\"Accueil\"}]},{\"@type\":\"WebSite\",\"@id\":\"https:\\\/\\\/alvest.preproduction.link\\\/#website\",\"url\":\"https:\\\/\\\/alvest.preproduction.link\\\/\",\"name\":\"Alvest\",\"description\":\"The highest quality products and services in the aviation and airport ground support equipment industries\",\"publisher\":{\"@id\":\"https:\\\/\\\/alvest.preproduction.link\\\/#organization\"},\"potentialAction\":[{\"@type\":\"SearchAction\",\"target\":{\"@type\":\"EntryPoint\",\"urlTemplate\":\"https:\\\/\\\/alvest.preproduction.link\\\/?s={search_term_string}\"},\"query-input\":{\"@type\":\"PropertyValueSpecification\",\"valueRequired\":true,\"valueName\":\"search_term_string\"}}],\"inLanguage\":\"fr-FR\"},{\"@type\":\"Organization\",\"@id\":\"https:\\\/\\\/alvest.preproduction.link\\\/#organization\",\"name\":\"Alvest\",\"url\":\"https:\\\/\\\/alvest.preproduction.link\\\/\",\"logo\":{\"@type\":\"ImageObject\",\"inLanguage\":\"fr-FR\",\"@id\":\"https:\\\/\\\/alvest.preproduction.link\\\/#\\\/schema\\\/logo\\\/image\\\/\",\"url\":\"https:\\\/\\\/alvest.fr\\\/wp-content\\\/uploads\\\/2017\\\/03\\\/alvestlogosg.jpg\",\"contentUrl\":\"https:\\\/\\\/alvest.fr\\\/wp-content\\\/uploads\\\/2017\\\/03\\\/alvestlogosg.jpg\",\"width\":1468,\"height\":424,\"caption\":\"Alvest\"},\"image\":{\"@id\":\"https:\\\/\\\/alvest.preproduction.link\\\/#\\\/schema\\\/logo\\\/image\\\/\"}}]}<\/script>\n<!-- \/ Yoast SEO plugin. -->","yoast_head_json":{"title":"Accueil - Alvest","description":"Des produits et des services de qualit\u00e9 sup\u00e9rieure pour l'industrie a\u00e9ronautique et le milieu des \u00e9quipements a\u00e9roportuaires d'assistance au sol.","robots":{"index":"noindex","follow":"follow","max-snippet":"max-snippet:-1","max-image-preview":"max-image-preview:large","max-video-preview":"max-video-preview:-1"},"og_locale":"fr_FR","og_type":"article","og_title":"Accueil - Alvest","og_description":"Des produits et des services de qualit\u00e9 sup\u00e9rieure pour l'industrie a\u00e9ronautique et le milieu des \u00e9quipements a\u00e9roportuaires d'assistance au sol.","og_url":"https:\/\/alvest.preproduction.link\/","og_site_name":"Alvest","article_modified_time":"2017-03-29T15:08:31+00:00","twitter_card":"summary_large_image","schema":{"@context":"https:\/\/schema.org","@graph":[{"@type":"WebPage","@id":"https:\/\/alvest.preproduction.link\/","url":"https:\/\/alvest.preproduction.link\/","name":"Accueil - Alvest","isPartOf":{"@id":"https:\/\/alvest.preproduction.link\/#website"},"datePublished":"2017-03-22T18:03:43+00:00","dateModified":"2017-03-29T15:08:31+00:00","description":"Des produits et des services de qualit\u00e9 sup\u00e9rieure pour l'industrie a\u00e9ronautique et le milieu des \u00e9quipements a\u00e9roportuaires d'assistance au sol.","breadcrumb":{"@id":"https:\/\/alvest.preproduction.link\/#breadcrumb"},"inLanguage":"fr-FR","potentialAction":[{"@type":"ReadAction","target":["https:\/\/alvest.preproduction.link\/"]}]},{"@type":"BreadcrumbList","@id":"https:\/\/alvest.preproduction.link\/#breadcrumb","itemListElement":[{"@type":"ListItem","position":1,"name":"Home","item":"https:\/\/alvest.preproduction.link\/"},{"@type":"ListItem","position":2,"name":"Accueil"}]},{"@type":"WebSite","@id":"https:\/\/alvest.preproduction.link\/#website","url":"https:\/\/alvest.preproduction.link\/","name":"Alvest","description":"The highest quality products and services in the aviation and airport ground support equipment industries","publisher":{"@id":"https:\/\/alvest.preproduction.link\/#organization"},"potentialAction":[{"@type":"SearchAction","target":{"@type":"EntryPoint","urlTemplate":"https:\/\/alvest.preproduction.link\/?s={search_term_string}"},"query-input":{"@type":"PropertyValueSpecification","valueRequired":true,"valueName":"search_term_string"}}],"inLanguage":"fr-FR"},{"@type":"Organization","@id":"https:\/\/alvest.preproduction.link\/#organization","name":"Alvest","url":"https:\/\/alvest.preproduction.link\/","logo":{"@type":"ImageObject","inLanguage":"fr-FR","@id":"https:\/\/alvest.preproduction.link\/#\/schema\/logo\/image\/","url":"https:\/\/alvest.fr\/wp-content\/uploads\/2017\/03\/alvestlogosg.jpg","contentUrl":"https:\/\/alvest.fr\/wp-content\/uploads\/2017\/03\/alvestlogosg.jpg","width":1468,"height":424,"caption":"Alvest"},"image":{"@id":"https:\/\/alvest.preproduction.link\/#\/schema\/logo\/image\/"}}]}},"_links":{"self":[{"href":"https:\/\/alvest.preproduction.link\/fr\/wp-json\/wp\/v2\/pages\/161","targetHints":{"allow":["GET"]}}],"collection":[{"href":"https:\/\/alvest.preproduction.link\/fr\/wp-json\/wp\/v2\/pages"}],"about":[{"href":"https:\/\/alvest.preproduction.link\/fr\/wp-json\/wp\/v2\/types\/page"}],"author":[{"embeddable":true,"href":"https:\/\/alvest.preproduction.link\/fr\/wp-json\/wp\/v2\/users\/1"}],"replies":[{"embeddable":true,"href":"https:\/\/alvest.preproduction.link\/fr\/wp-json\/wp\/v2\/comments?post=161"}],"version-history":[{"count":2,"href":"https:\/\/alvest.preproduction.link\/fr\/wp-json\/wp\/v2\/pages\/161\/revisions"}],"predecessor-version":[{"id":181,"href":"https:\/\/alvest.preproduction.link\/fr\/wp-json\/wp\/v2\/pages\/161\/revisions\/181"}],"wp:attachment":[{"href":"https:\/\/alvest.preproduction.link\/fr\/wp-json\/wp\/v2\/media?parent=161"}],"curies":[{"name":"wp","href":"https:\/\/api.w.org\/{rel}","templated":true}]}}